{"id":60911,"date":"2025-08-11T09:06:02","date_gmt":"2025-08-11T16:06:02","guid":{"rendered":"https:\/\/mygreenlab.org\/certificacion-my-green-lab-comite-tecnico-de-laboratorios-de-diagnostico-clinico\/"},"modified":"2025-08-12T06:48:43","modified_gmt":"2025-08-12T13:48:43","slug":"certificacion-my-green-lab-comite-tecnico-de-laboratorios-de-diagnostico-clinico","status":"publish","type":"page","link":"https:\/\/mygreenlab.org\/es\/certificacion-my-green-lab-comite-tecnico-de-laboratorios-de-diagnostico-clinico\/","title":{"rendered":"Certificaci\u00f3n My Green Lab -Comit\u00e9 T\u00e9cnico de Laboratorios de Diagn\u00f3stico Cl\u00ednico"},"content":{"rendered":"\n<sc-container \n  theme=\"white\" \n  wrapper-size=\"md\"\n  >\n    <sc-section-header heading=\"Comit\u00e9 t\u00e9cnico\" layout=\"inline\">\n\n    \n    \n\n  <\/sc-section-header>\n  <sc-grid\n    columns=\"3\"\n    has-horizontal-breaklines  \n  >\n\n       <sc-card\n    heading=\"Vikki Moyse\"\n    layout=\"\"\n    sub-title=\"Responsable de formaci\u00f3n de laboratorio y desarrollo organizativo\"\n    \n    type=\"team\"\n    link-target=\"\" link-url=\"\"\n  >\n    \n\n      <sc-rich-text   slot=\"card__rich-text\" >\n    <p>Vikki es una cient\u00edfica biom\u00e9dica registrada en el HCPC del Reino Unido, con m\u00e1s de 20 a\u00f1os de experiencia en laboratorios de diagn\u00f3stico cl\u00ednico. En la actualidad, Vikki es la Directora de Formaci\u00f3n y Desarrollo Organizativo de HCA Healthcare UK, y cuenta con experiencia previa como cient\u00edfica biom\u00e9dica y directora de laboratorio tanto en el \u00e1mbito del NHS como fuera de \u00e9l. <\/p>\n\n  <\/sc-rich-text>\n\n      <sc-image\n      aspect-ratio=\"1\/1\"   link-url=\"\"   slot=\"card__thumbnail\"\n  >\n    \t<picture >  <source srcset=\"https:\/\/mygreenlab.org\/wp-content\/uploads\/2025\/08\/vikki-headshot.jpg\" media=\"screen and (min-width: 1550px)\" width=\"425\" height=\"424\" \/>  <source srcset=\"https:\/\/mygreenlab.org\/wp-content\/uploads\/2025\/08\/vikki-headshot-350x349.jpg\" media=\"screen and (min-width: 1280px) and (max-width: 1549px)\" width=\"350\" height=\"349\" \/>  <source srcset=\"https:\/\/mygreenlab.org\/wp-content\/uploads\/2025\/08\/vikki-headshot.jpg\" media=\"screen and (min-width: 768px) and (max-width: 1279px)\" width=\"425\" height=\"424\" \/>  <source srcset=\"https:\/\/mygreenlab.org\/wp-content\/uploads\/2025\/08\/vikki-headshot.jpg\" media=\"screen and (min-width: 550px) and (max-width: 767px)\" width=\"425\" height=\"424\" \/>  <source srcset=\"https:\/\/mygreenlab.org\/wp-content\/uploads\/2025\/08\/vikki-headshot.jpg\" media=\"screen and (max-width: 599px)\" width=\"425\" height=\"424\" \/><img decoding=\"async\" width=\"425\" height=\"424\" src=\"https:\/\/mygreenlab.org\/wp-content\/uploads\/2025\/08\/vikki-headshot.jpg\" class=\"attachment-scale_890 size-scale_890\" alt=\"vikki Moyse\" loading=\"lazy\" \/><\/picture>\n    \n  <\/sc-image>\n\n      <sc-rich-text   slot=\"card__meta\" >\n    HCA Healthcare UK\n  <\/sc-rich-text>\n\n    \n\n    \n\n    \n\n  <\/sc-card>  <sc-card\n    heading=\"Jean-Charles Clouet\"\n    layout=\"\"\n    sub-title=\"Director Senior, Propuesta de Valor para el Cliente, CLS Global Marketing\"\n    \n    type=\"team\"\n    link-target=\"\" link-url=\"\"\n  >\n    \n\n      <sc-rich-text   slot=\"card__rich-text\" >\n    <p>Jean-Charles es miembro del equipo de Propuesta de Valor para el Cliente dentro de la Organizaci\u00f3n Global de Marketing de Soluciones de Laboratorio Central de Siemens Healthineers. Con formaci\u00f3n en gen\u00e9tica y biolog\u00eda molecular, Jean-Charles ha pasado los \u00faltimos treinta y cinco a\u00f1os en puestos de marketing cl\u00ednico. <\/p>\n\n  <\/sc-rich-text>\n\n      <sc-image\n      aspect-ratio=\"1\/1\"   link-url=\"\"   slot=\"card__thumbnail\"\n  >\n    \t<picture >  <source srcset=\"https:\/\/mygreenlab.org\/wp-content\/uploads\/2025\/08\/jcc-mgl.jpg\" media=\"screen and (min-width: 1550px)\" width=\"344\" height=\"428\" \/>  <source srcset=\"https:\/\/mygreenlab.org\/wp-content\/uploads\/2025\/08\/jcc-mgl.jpg\" media=\"screen and (min-width: 1280px) and (max-width: 1549px)\" width=\"344\" height=\"428\" \/>  <source srcset=\"https:\/\/mygreenlab.org\/wp-content\/uploads\/2025\/08\/jcc-mgl.jpg\" media=\"screen and (min-width: 768px) and (max-width: 1279px)\" width=\"344\" height=\"428\" \/>  <source srcset=\"https:\/\/mygreenlab.org\/wp-content\/uploads\/2025\/08\/jcc-mgl.jpg\" media=\"screen and (min-width: 550px) and (max-width: 767px)\" width=\"344\" height=\"428\" \/>  <source srcset=\"https:\/\/mygreenlab.org\/wp-content\/uploads\/2025\/08\/jcc-mgl.jpg\" media=\"screen and (max-width: 599px)\" width=\"344\" height=\"428\" \/><img decoding=\"async\" width=\"344\" height=\"428\" src=\"https:\/\/mygreenlab.org\/wp-content\/uploads\/2025\/08\/jcc-mgl.jpg\" class=\"attachment-scale_890 size-scale_890\" alt=\"jean-Charles Clouet\" loading=\"lazy\" \/><\/picture>\n    \n  <\/sc-image>\n\n      <sc-rich-text   slot=\"card__meta\" >\n    Siemens Healthineers\n  <\/sc-rich-text>\n\n    \n\n    \n\n    \n\n  <\/sc-card>  <sc-card\n    heading=\"Richard Kish\"\n    layout=\"\"\n    sub-title=\"Miembro Director  \"\n    \n    type=\"team\"\n    link-target=\"\" link-url=\"\"\n  >\n    \n\n      <sc-rich-text   slot=\"card__rich-text\" >\n    <p>Richard es un profesional certificado y con experiencia en patolog\u00eda anat\u00f3mica que ofrece una formaci\u00f3n diversa en el entorno del laboratorio y la educaci\u00f3n, con colaboraciones internacionales. En la actualidad, Richard ayuda a las empresas con sus eficiencias operativas y orientaci\u00f3n tecnol\u00f3gica utilizando diversos recursos. <\/p>\n\n  <\/sc-rich-text>\n\n      <sc-image\n      aspect-ratio=\"1\/1\"   link-url=\"\"   slot=\"card__thumbnail\"\n  >\n    \t<picture >  <source srcset=\"https:\/\/mygreenlab.org\/wp-content\/uploads\/2025\/08\/richard-kish-mhs-pa-ascp-cm.jpg\" media=\"screen and (min-width: 1550px)\" width=\"335\" height=\"334\" \/>  <source srcset=\"https:\/\/mygreenlab.org\/wp-content\/uploads\/2025\/08\/richard-kish-mhs-pa-ascp-cm.jpg\" media=\"screen and (min-width: 1280px) and (max-width: 1549px)\" width=\"335\" height=\"334\" \/>  <source srcset=\"https:\/\/mygreenlab.org\/wp-content\/uploads\/2025\/08\/richard-kish-mhs-pa-ascp-cm.jpg\" media=\"screen and (min-width: 768px) and (max-width: 1279px)\" width=\"335\" height=\"334\" \/>  <source srcset=\"https:\/\/mygreenlab.org\/wp-content\/uploads\/2025\/08\/richard-kish-mhs-pa-ascp-cm.jpg\" media=\"screen and (min-width: 550px) and (max-width: 767px)\" width=\"335\" height=\"334\" \/>  <source srcset=\"https:\/\/mygreenlab.org\/wp-content\/uploads\/2025\/08\/richard-kish-mhs-pa-ascp-cm.jpg\" media=\"screen and (max-width: 599px)\" width=\"335\" height=\"334\" \/><img decoding=\"async\" width=\"335\" height=\"334\" src=\"https:\/\/mygreenlab.org\/wp-content\/uploads\/2025\/08\/richard-kish-mhs-pa-ascp-cm.jpg\" class=\"attachment-scale_890 size-scale_890\" alt=\"richard kish\" loading=\"lazy\" \/><\/picture>\n    \n  <\/sc-image>\n\n      <sc-rich-text   slot=\"card__meta\" >\n    Conceptos de patolog\u00eda\n  <\/sc-rich-text>\n\n    \n\n    \n\n    \n\n  <\/sc-card>  <\/sc-grid>\n\n  \n<\/sc-container>\n\n<sc-container \n  theme=\"white\" \n  wrapper-size=\"md\"\n  >\n    <sc-section-header heading=\"\" layout=\"inline\">\n\n      <sc-rich-text   slot=\"section-header__rich-text\" >\n    <p>My Green Lab tambi\u00e9n desea reconocer y agradecer a las siguientes personas sus generosas contribuciones.<\/p>\n\n  <\/sc-rich-text>\n    \n\n  <\/sc-section-header>\n  <sc-grid\n    columns=\"3\"\n    has-horizontal-breaklines  \n  >\n\n       <sc-card\n    heading=\"Laura Listro\"\n    layout=\"\"\n    sub-title=\"Responsable de Cumplimiento Seguridad de los Empleados y Medio Ambiente\"\n    \n    type=\"team\"\n    link-target=\"\" link-url=\"\"\n  >\n    \n\n      <sc-rich-text   slot=\"card__rich-text\" >\n    <p>Laura es Cient\u00edfica de Laboratorio M\u00e9dico (MLS) certificada por la ASCP. Cuenta con m\u00e1s de 40 a\u00f1os de experiencia en diagn\u00f3stico cl\u00ednico, medicina de laboratorio y gesti\u00f3n de laboratorios cl\u00ednicos en el Hospital General de Massachusetts. <\/p>\n\n  <\/sc-rich-text>\n\n      <sc-image\n      aspect-ratio=\"1\/1\"   link-url=\"\"   slot=\"card__thumbnail\"\n  >\n    \t<picture >  <source srcset=\"https:\/\/mygreenlab.org\/wp-content\/uploads\/2025\/08\/l-listro-profile-pic.jpg\" media=\"screen and (min-width: 1550px)\" width=\"371\" height=\"494\" \/>  <source srcset=\"https:\/\/mygreenlab.org\/wp-content\/uploads\/2025\/08\/l-listro-profile-pic-350x466.jpg\" media=\"screen and (min-width: 1280px) and (max-width: 1549px)\" width=\"350\" height=\"466\" \/>  <source srcset=\"https:\/\/mygreenlab.org\/wp-content\/uploads\/2025\/08\/l-listro-profile-pic.jpg\" media=\"screen and (min-width: 768px) and (max-width: 1279px)\" width=\"371\" height=\"494\" \/>  <source srcset=\"https:\/\/mygreenlab.org\/wp-content\/uploads\/2025\/08\/l-listro-profile-pic.jpg\" media=\"screen and (min-width: 550px) and (max-width: 767px)\" width=\"371\" height=\"494\" \/>  <source srcset=\"https:\/\/mygreenlab.org\/wp-content\/uploads\/2025\/08\/l-listro-profile-pic.jpg\" media=\"screen and (max-width: 599px)\" width=\"371\" height=\"494\" \/><img decoding=\"async\" width=\"371\" height=\"494\" src=\"https:\/\/mygreenlab.org\/wp-content\/uploads\/2025\/08\/l-listro-profile-pic.jpg\" class=\"attachment-scale_890 size-scale_890\" alt=\"laura listro\" loading=\"lazy\" \/><\/picture>\n    \n  <\/sc-image>\n\n      <sc-rich-text   slot=\"card__meta\" >\n    Mass General Brigham\n  <\/sc-rich-text>\n\n    \n\n    \n\n    \n\n  <\/sc-card>  <sc-card\n    heading=\"Catherine Jones\"\n    layout=\"\"\n    sub-title=\"Tecn\u00f3logo en tipificaci\u00f3n de tejidos\"\n    \n    type=\"team\"\n    link-target=\"\" link-url=\"\"\n  >\n    \n\n      <sc-rich-text   slot=\"card__rich-text\" >\n    <p>Catherine es una cient\u00edfica de laboratorio m\u00e9dico (MLS) certificada por ASCP en VCU Health, con una s\u00f3lida experiencia en pruebas de histocompatibilidad y diagn\u00f3stico de trasplantes. Tiene experiencia en tipificaci\u00f3n molecular de HLA, pruebas cruzadas de citometr\u00eda de flujo y apoyo al desarrollo de flujos de trabajo de NGS para an\u00e1lisis de HLA de alta resoluci\u00f3n. <\/p>\n\n  <\/sc-rich-text>\n\n      <sc-image\n      aspect-ratio=\"1\/1\"   link-url=\"\"   slot=\"card__thumbnail\"\n  >\n    \t<picture >  <source srcset=\"https:\/\/mygreenlab.org\/wp-content\/uploads\/2025\/08\/head-shot.jpg\" media=\"screen and (min-width: 1550px)\" width=\"418\" height=\"428\" \/>  <source srcset=\"https:\/\/mygreenlab.org\/wp-content\/uploads\/2025\/08\/head-shot-350x358.jpg\" media=\"screen and (min-width: 1280px) and (max-width: 1549px)\" width=\"350\" height=\"358\" \/>  <source srcset=\"https:\/\/mygreenlab.org\/wp-content\/uploads\/2025\/08\/head-shot.jpg\" media=\"screen and (min-width: 768px) and (max-width: 1279px)\" width=\"418\" height=\"428\" \/>  <source srcset=\"https:\/\/mygreenlab.org\/wp-content\/uploads\/2025\/08\/head-shot.jpg\" media=\"screen and (min-width: 550px) and (max-width: 767px)\" width=\"418\" height=\"428\" \/>  <source srcset=\"https:\/\/mygreenlab.org\/wp-content\/uploads\/2025\/08\/head-shot.jpg\" media=\"screen and (max-width: 599px)\" width=\"418\" height=\"428\" \/><img decoding=\"async\" width=\"418\" height=\"428\" src=\"https:\/\/mygreenlab.org\/wp-content\/uploads\/2025\/08\/head-shot.jpg\" class=\"attachment-scale_890 size-scale_890\" alt=\"catherine jones\" loading=\"lazy\" \/><\/picture>\n    \n  <\/sc-image>\n\n      <sc-rich-text   slot=\"card__meta\" >\n    VCU Health\n  <\/sc-rich-text>\n\n    \n\n    \n\n    \n\n  <\/sc-card>  <\/sc-grid>\n\n  \n<\/sc-container>\n","protected":false},"excerpt":{"rendered":"","protected":false},"author":2590,"featured_media":0,"parent":0,"menu_order":6,"comment_status":"closed","ping_status":"closed","template":"","meta":{"_acf_changed":false,"_seopress_robots_primary_cat":"","_seopress_titles_title":"Comit\u00e9 T\u00e9cnico de Laboratorios de Diagn\u00f3stico Cl\u00ednico","_seopress_titles_desc":"My Green Lab est\u00e1 iniciando el emocionante viaje de desarrollar y mejorar nuestro actual programa de certificaci\u00f3n de referencia para adaptarlo a los laboratorios m\u00e9dicos cl\u00ednicos.","_seopress_robots_index":"","footnotes":""},"class_list":["post-60911","page","type-page","status-publish","hentry"],"acf":[],"_links":{"self":[{"href":"https:\/\/mygreenlab.org\/es\/wp-json\/wp\/v2\/pages\/60911","targetHints":{"allow":["GET"]}}],"collection":[{"href":"https:\/\/mygreenlab.org\/es\/wp-json\/wp\/v2\/pages"}],"about":[{"href":"https:\/\/mygreenlab.org\/es\/wp-json\/wp\/v2\/types\/page"}],"author":[{"embeddable":true,"href":"https:\/\/mygreenlab.org\/es\/wp-json\/wp\/v2\/users\/2590"}],"replies":[{"embeddable":true,"href":"https:\/\/mygreenlab.org\/es\/wp-json\/wp\/v2\/comments?post=60911"}],"version-history":[{"count":2,"href":"https:\/\/mygreenlab.org\/es\/wp-json\/wp\/v2\/pages\/60911\/revisions"}],"predecessor-version":[{"id":60913,"href":"https:\/\/mygreenlab.org\/es\/wp-json\/wp\/v2\/pages\/60911\/revisions\/60913"}],"wp:attachment":[{"href":"https:\/\/mygreenlab.org\/es\/wp-json\/wp\/v2\/media?parent=60911"}],"curies":[{"name":"wp","href":"https:\/\/api.w.org\/{rel}","templated":true}]}}